{"id":15,"date":"2017-03-27T11:50:07","date_gmt":"2017-03-27T11:50:07","guid":{"rendered":"http:\/\/zuetabiok.com\/?page_id=15"},"modified":"2020-10-01T12:21:18","modified_gmt":"2020-10-01T12:21:18","slug":"servicios-limpieza-edificios","status":"publish","type":"page","link":"https:\/\/zuetabiok.com\/es\/servicios-limpieza-edificios\/","title":{"rendered":"LIMPIEZA EDIFICIOS"},"content":{"rendered":"<section class=\"l-section wpb_row height_auto\"><div class=\"l-section-h i-cf\"><div class=\"g-cols vc_row type_default valign_top\"><div class=\"vc_col-sm-12 wpb_column vc_column_container\"><div class=\"vc_column-inner\"><div class=\"wpb_wrapper\"><div class=\"wpb_text_column us_custom_7ddfdf8a has_text_color\" ><div class=\"wpb_wrapper\"><h4>LIMPIEZA DE EDIFICIOS<\/h4>\n<\/div><\/div><\/div><\/div><\/div><\/div><\/div><\/section><!-- Row Backgrounds --><div class=\"upb_color\" data-bg-override=\"0\" data-bg-color=\"#f2f2f2\" data-fadeout=\"\" data-fadeout-percentage=\"30\" data-parallax-content=\"\" data-parallax-content-sense=\"30\" data-row-effect-mobile-disable=\"true\" data-img-parallax-mobile-disable=\"true\" data-rtl=\"false\"  data-custom-vc-row=\"\"  data-vc=\"6.6.0\"  data-is_old_vc=\"\"  data-theme-support=\"\"   data-overlay=\"false\" data-overlay-color=\"\" data-overlay-pattern=\"\" data-overlay-pattern-opacity=\"\" data-overlay-pattern-size=\"\"    ><\/div><section class=\"l-section wpb_row us_custom_95fe08d0 height_custom width_full with_img parallax_ver\"><div class=\"l-section-img\" style=\"background-image: url(https:\/\/zuetabiok.com\/wp-content\/uploads\/2017\/03\/zu-eta-biok-servicios-limpieza-edificios-1300x867.jpg);background-repeat: no-repeat;background-size: auto;\" data-img-width=\"1300\" data-img-height=\"867\"><\/div><div class=\"l-section-h i-cf\"><div class=\"g-cols vc_row type_default valign_bottom\"><div class=\"vc_col-sm-12 wpb_column vc_column_container\"><div class=\"vc_column-inner\"><div class=\"wpb_wrapper\"><\/div><\/div><\/div><\/div><\/div><\/section><section class=\"l-section wpb_row height_small\"><div class=\"l-section-h i-cf\"><div class=\"g-cols vc_row type_default valign_top\"><div class=\"vc_col-sm-12 wpb_column vc_column_container\"><div class=\"vc_column-inner\"><div class=\"wpb_wrapper\"><div class=\"wpb_text_column\" ><div class=\"wpb_wrapper\"><h6 class=\"cardtext\" style=\"text-align: justify; line-height: 15.0pt; vertical-align: baseline; margin: 15.0pt 0cm 15.0pt 0cm;\"><span style=\"font-size: 14.0pt; color: #7d7d7d;\">En <strong>Zu eta BIOK<\/strong> trabajamos d\u00eda a d\u00eda en la <strong>limpieza interior<\/strong> de todo tipo de edificios, tanto <strong>empresas privadas<\/strong> como <strong>administraciones p\u00fablicas<\/strong>. <\/span><\/h6>\n<\/div><\/div><div class=\"wpb_text_column us_custom_bab8a817\" ><div class=\"wpb_wrapper\"><h6 class=\"cardtext\" style=\"text-align: justify; line-height: 15.0pt; vertical-align: baseline; margin: 15.0pt 0cm 15.0pt 0cm;\"><span style=\"font-size: 14.0pt; color: #7d7d7d;\"><strong>Servicio de limpieza y desinfecci\u00f3n de COVID-19 en todo tipo de establecimientos y locales (hosteler\u00eda, comercio, oficinas, edificios p\u00fablicos\u2026)<\/strong><\/span><\/h6>\n<\/div><\/div><div class=\"wpb_text_column us_custom_bab8a817\" ><div class=\"wpb_wrapper\"><ul>\n<li><span style=\"font-size: 14.0pt; color: #7d7d7d;\">Utilizamos productos de desinfecci\u00f3n <strong>validados y homologados<\/strong> por el MINISTERIO DE SANIDAD en todos nuestros servicios de limpieza<\/span><\/li>\n<li><span style=\"font-size: 14.0pt; color: #7d7d7d;\">Disponemos de <strong>maquinaria para desinfecci\u00f3n<\/strong>, generadores de ozono con temporizador est\u00e9ril<\/span><\/li>\n<\/ul>\n<\/div><\/div><div class=\"wpb_text_column us_custom_bab8a817\" ><div class=\"wpb_wrapper\"><p><span style=\"font-size: 14.0pt; color: #7d7d7d;\"><strong>Tu seguridad es nuestra preocupaci\u00f3n<\/strong>, no dejes que tu negocio se paralice, \u00a1\u00a1\u00a1CONT\u00c1CTANOS!!!<\/span><\/p>\n<\/div><\/div><\/div><\/div><\/div><div class=\"vc_col-sm-12 wpb_column vc_column_container\"><div class=\"vc_column-inner\"><div class=\"wpb_wrapper\"><\/div><\/div><\/div><\/div><\/div><\/section><section class=\"l-section wpb_row height_auto width_full\"><div class=\"l-section-h i-cf\"><div class=\"g-cols vc_row type_default valign_top\"><div class=\"vc_col-sm-2 wpb_column vc_column_container animate_afc\"><div class=\"vc_column-inner\"><div class=\"wpb_wrapper\"><div class=\"w-iconbox iconpos_top style_default color_primary align_center no_text icontype_img\"><div class=\"w-iconbox-icon\" style=\"font-size:100px;\"><img width=\"200\" height=\"200\" src=\"https:\/\/zuetabiok.com\/wp-content\/uploads\/2017\/03\/zu-eta-biok-servicios-limpieza-de-edificios-oficinas.png\" class=\"attachment-full size-full\" alt=\"zu-eta-biok-servicios-limpieza-de-edificios-oficinas\" loading=\"lazy\" srcset=\"https:\/\/zuetabiok.com\/wp-content\/uploads\/2017\/03\/zu-eta-biok-servicios-limpieza-de-edificios-oficinas.png 200w, https:\/\/zuetabiok.com\/wp-content\/uploads\/2017\/03\/zu-eta-biok-servicios-limpieza-de-edificios-oficinas-150x150.png 150w\" sizes=\"(max-width: 200px) 100vw, 200px\" \/><\/div><div class=\"w-iconbox-meta\"><h5 class=\"w-iconbox-title\">OFICINAS<\/h5><\/div><\/div><\/div><\/div><\/div><div class=\"vc_col-sm-2 wpb_column vc_column_container animate_afc\" style=\"animation-delay:0.2s\"><div class=\"vc_column-inner\"><div class=\"wpb_wrapper\"><div class=\"w-iconbox iconpos_top style_default color_primary align_center no_text icontype_img\"><div class=\"w-iconbox-icon\" style=\"font-size:100px;\"><img width=\"200\" height=\"200\" src=\"https:\/\/zuetabiok.com\/wp-content\/uploads\/2017\/03\/zu-eta-biok-servicios-limpieza-de-edificios-museos.png\" class=\"attachment-full size-full\" alt=\"zu-eta-biok-servicios-limpieza-de-edificios-museos\" loading=\"lazy\" srcset=\"https:\/\/zuetabiok.com\/wp-content\/uploads\/2017\/03\/zu-eta-biok-servicios-limpieza-de-edificios-museos.png 200w, https:\/\/zuetabiok.com\/wp-content\/uploads\/2017\/03\/zu-eta-biok-servicios-limpieza-de-edificios-museos-150x150.png 150w\" sizes=\"(max-width: 200px) 100vw, 200px\" \/><\/div><div class=\"w-iconbox-meta\"><h5 class=\"w-iconbox-title\">MUSEOS<\/h5><\/div><\/div><\/div><\/div><\/div><div class=\"vc_col-sm-2 wpb_column vc_column_container animate_afc\" style=\"animation-delay:0.4s\"><div class=\"vc_column-inner\"><div class=\"wpb_wrapper\"><div class=\"w-iconbox iconpos_top style_default color_primary align_center no_text icontype_img\"><div class=\"w-iconbox-icon\" style=\"font-size:100px;\"><img width=\"200\" height=\"200\" src=\"https:\/\/zuetabiok.com\/wp-content\/uploads\/2017\/03\/zu-eta-biok-servicios-limpieza-de-edificios-centros-deportivos.png\" class=\"attachment-full size-full\" alt=\"zu-eta-biok-servicios-limpieza-de-edificios-centros-deportivos\" loading=\"lazy\" srcset=\"https:\/\/zuetabiok.com\/wp-content\/uploads\/2017\/03\/zu-eta-biok-servicios-limpieza-de-edificios-centros-deportivos.png 200w, https:\/\/zuetabiok.com\/wp-content\/uploads\/2017\/03\/zu-eta-biok-servicios-limpieza-de-edificios-centros-deportivos-150x150.png 150w\" sizes=\"(max-width: 200px) 100vw, 200px\" \/><\/div><div class=\"w-iconbox-meta\"><h5 class=\"w-iconbox-title\">CENTROS DEPORTIVOS<\/h5><\/div><\/div><\/div><\/div><\/div><div class=\"vc_col-sm-2 wpb_column vc_column_container animate_afc\" style=\"animation-delay:0.6s\"><div class=\"vc_column-inner\"><div class=\"wpb_wrapper\"><div class=\"w-iconbox iconpos_top style_default color_primary align_center no_text icontype_img\"><div class=\"w-iconbox-icon\" style=\"font-size:100px;\"><img width=\"200\" height=\"200\" src=\"https:\/\/zuetabiok.com\/wp-content\/uploads\/2017\/03\/zu-eta-biok-servicios-limpieza-de-edificios-colegios-ensenanza.png\" class=\"attachment-full size-full\" alt=\"zu-eta-biok-servicios-limpieza-de-edificios-colegios-ensenanza\" loading=\"lazy\" srcset=\"https:\/\/zuetabiok.com\/wp-content\/uploads\/2017\/03\/zu-eta-biok-servicios-limpieza-de-edificios-colegios-ensenanza.png 200w, https:\/\/zuetabiok.com\/wp-content\/uploads\/2017\/03\/zu-eta-biok-servicios-limpieza-de-edificios-colegios-ensenanza-150x150.png 150w\" sizes=\"(max-width: 200px) 100vw, 200px\" \/><\/div><div class=\"w-iconbox-meta\"><h5 class=\"w-iconbox-title\">COLEGIOS, ENSE\u00d1ANZA<\/h5><\/div><\/div><\/div><\/div><\/div><div class=\"vc_col-sm-2 wpb_column vc_column_container animate_afc\" style=\"animation-delay:0.8s\"><div class=\"vc_column-inner\"><div class=\"wpb_wrapper\"><div class=\"w-iconbox iconpos_top style_default color_primary align_center no_text icontype_img\"><div class=\"w-iconbox-icon\" style=\"font-size:100px;\"><img width=\"200\" height=\"200\" src=\"https:\/\/zuetabiok.com\/wp-content\/uploads\/2017\/03\/zu-eta-biok-servicios-limpieza-de-edificios-guarderias.png\" class=\"attachment-full size-full\" alt=\"zu-eta-biok-servicios-limpieza-de-edificios-guarderias\" loading=\"lazy\" srcset=\"https:\/\/zuetabiok.com\/wp-content\/uploads\/2017\/03\/zu-eta-biok-servicios-limpieza-de-edificios-guarderias.png 200w, https:\/\/zuetabiok.com\/wp-content\/uploads\/2017\/03\/zu-eta-biok-servicios-limpieza-de-edificios-guarderias-150x150.png 150w\" sizes=\"(max-width: 200px) 100vw, 200px\" \/><\/div><div class=\"w-iconbox-meta\"><h5 class=\"w-iconbox-title\">GUARDERIAS<\/h5><\/div><\/div><\/div><\/div><\/div><div class=\"vc_col-sm-2 wpb_column vc_column_container animate_afc\" style=\"animation-delay:1s\"><div class=\"vc_column-inner\"><div class=\"wpb_wrapper\"><div class=\"w-iconbox iconpos_top style_default color_primary align_center no_text icontype_img\"><div class=\"w-iconbox-icon\" style=\"font-size:100px;\"><img width=\"200\" height=\"200\" src=\"https:\/\/zuetabiok.com\/wp-content\/uploads\/2017\/03\/zu-eta-biok-servicios-limpieza-de-edificios-notarias.png\" class=\"attachment-full size-full\" alt=\"zu-eta-biok-servicios-limpieza-de-edificios-notarias\" loading=\"lazy\" srcset=\"https:\/\/zuetabiok.com\/wp-content\/uploads\/2017\/03\/zu-eta-biok-servicios-limpieza-de-edificios-notarias.png 200w, https:\/\/zuetabiok.com\/wp-content\/uploads\/2017\/03\/zu-eta-biok-servicios-limpieza-de-edificios-notarias-150x150.png 150w\" sizes=\"(max-width: 200px) 100vw, 200px\" \/><\/div><div class=\"w-iconbox-meta\"><h5 class=\"w-iconbox-title\">NOTARIAS<\/h5><\/div><\/div><\/div><\/div><\/div><\/div><\/div><\/section><section class=\"l-section wpb_row height_auto\"><div class=\"l-section-h i-cf\"><div class=\"g-cols vc_row type_default valign_top\"><div class=\"vc_col-sm-12 wpb_column vc_column_container\"><div class=\"vc_column-inner\"><div class=\"wpb_wrapper\"><div class=\"w-separator size_small\"><\/div><\/div><\/div><\/div><\/div><\/div><\/section><section class=\"l-section wpb_row height_auto width_full\"><div class=\"l-section-h i-cf\"><div class=\"g-cols vc_row type_default valign_top\"><div class=\"vc_col-sm-2 wpb_column vc_column_container animate_afc\" style=\"animation-delay:1s\"><div class=\"vc_column-inner\"><div class=\"wpb_wrapper\"><div class=\"w-iconbox iconpos_top style_default color_primary align_center no_text icontype_img\"><div class=\"w-iconbox-icon\" style=\"font-size:100px;\"><img width=\"200\" height=\"200\" src=\"https:\/\/zuetabiok.com\/wp-content\/uploads\/2017\/03\/zu-eta-biok-servicios-limpieza-de-edificios-consultas-medicas.png\" class=\"attachment-full size-full\" alt=\"zu-eta-biok-servicios-limpieza-de-edificios-consultas-medicas\" loading=\"lazy\" srcset=\"https:\/\/zuetabiok.com\/wp-content\/uploads\/2017\/03\/zu-eta-biok-servicios-limpieza-de-edificios-consultas-medicas.png 200w, https:\/\/zuetabiok.com\/wp-content\/uploads\/2017\/03\/zu-eta-biok-servicios-limpieza-de-edificios-consultas-medicas-150x150.png 150w\" sizes=\"(max-width: 200px) 100vw, 200px\" \/><\/div><div class=\"w-iconbox-meta\"><h5 class=\"w-iconbox-title\">CONSULTAS M\u00c9DICAS<\/h5><\/div><\/div><\/div><\/div><\/div><div class=\"vc_col-sm-2 wpb_column vc_column_container animate_afc\" style=\"animation-delay:0.8s\"><div class=\"vc_column-inner\"><div class=\"wpb_wrapper\"><div class=\"w-iconbox iconpos_top style_default color_primary align_center no_text icontype_img\"><div class=\"w-iconbox-icon\" style=\"font-size:100px;\"><img width=\"200\" height=\"200\" src=\"https:\/\/zuetabiok.com\/wp-content\/uploads\/2017\/03\/zu-eta-biok-servicios-limpieza-de-edificios-fin-de-obra.png\" class=\"attachment-full size-full\" alt=\"zu-eta-biok-servicios-limpieza-de-edificios-fin-de-obra\" loading=\"lazy\" srcset=\"https:\/\/zuetabiok.com\/wp-content\/uploads\/2017\/03\/zu-eta-biok-servicios-limpieza-de-edificios-fin-de-obra.png 200w, https:\/\/zuetabiok.com\/wp-content\/uploads\/2017\/03\/zu-eta-biok-servicios-limpieza-de-edificios-fin-de-obra-150x150.png 150w\" sizes=\"(max-width: 200px) 100vw, 200px\" \/><\/div><div class=\"w-iconbox-meta\"><h5 class=\"w-iconbox-title\">FIN DE OBRA<\/h5><\/div><\/div><\/div><\/div><\/div><div class=\"vc_col-sm-2 wpb_column vc_column_container animate_afc\" style=\"animation-delay:0.6s\"><div class=\"vc_column-inner\"><div class=\"wpb_wrapper\"><div class=\"w-iconbox iconpos_top style_default color_primary align_center no_text icontype_img\"><div class=\"w-iconbox-icon\" style=\"font-size:100px;\"><img width=\"200\" height=\"200\" src=\"https:\/\/zuetabiok.com\/wp-content\/uploads\/2017\/03\/zu-eta-biok-servicios-limpieza-de-edificios-ayuntamientos.png\" class=\"attachment-full size-full\" alt=\"zu-eta-biok-servicios-limpieza-de-edificios-ayuntamientos\" loading=\"lazy\" srcset=\"https:\/\/zuetabiok.com\/wp-content\/uploads\/2017\/03\/zu-eta-biok-servicios-limpieza-de-edificios-ayuntamientos.png 200w, https:\/\/zuetabiok.com\/wp-content\/uploads\/2017\/03\/zu-eta-biok-servicios-limpieza-de-edificios-ayuntamientos-150x150.png 150w\" sizes=\"(max-width: 200px) 100vw, 200px\" \/><\/div><div class=\"w-iconbox-meta\"><h5 class=\"w-iconbox-title\">AYUNTAMIENTOS<\/h5><\/div><\/div><\/div><\/div><\/div><div class=\"vc_col-sm-2 wpb_column vc_column_container animate_afc\" style=\"animation-delay:0.4s\"><div class=\"vc_column-inner\"><div class=\"wpb_wrapper\"><div class=\"w-iconbox iconpos_top style_default color_primary align_center no_text icontype_img\"><div class=\"w-iconbox-icon\" style=\"font-size:100px;\"><img width=\"200\" height=\"200\" src=\"https:\/\/zuetabiok.com\/wp-content\/uploads\/2017\/03\/zu-eta-biok-servicios-limpieza-de-edificios-instalaciones-municipales.png\" class=\"attachment-full size-full\" alt=\"zu-eta-biok-servicios-limpieza-de-edificios-instalaciones-municipales\" loading=\"lazy\" srcset=\"https:\/\/zuetabiok.com\/wp-content\/uploads\/2017\/03\/zu-eta-biok-servicios-limpieza-de-edificios-instalaciones-municipales.png 200w, https:\/\/zuetabiok.com\/wp-content\/uploads\/2017\/03\/zu-eta-biok-servicios-limpieza-de-edificios-instalaciones-municipales-150x150.png 150w\" sizes=\"(max-width: 200px) 100vw, 200px\" \/><\/div><div class=\"w-iconbox-meta\"><h5 class=\"w-iconbox-title\">INSTALACIONES MUNICIPALES<\/h5><\/div><\/div><\/div><\/div><\/div><div class=\"vc_col-sm-2 wpb_column vc_column_container animate_afc\" style=\"animation-delay:0.2s\"><div class=\"vc_column-inner\"><div class=\"wpb_wrapper\"><div class=\"w-iconbox iconpos_top style_default color_primary align_center no_text icontype_img\"><div class=\"w-iconbox-icon\" style=\"font-size:100px;\"><img width=\"200\" height=\"200\" src=\"https:\/\/zuetabiok.com\/wp-content\/uploads\/2017\/03\/zu-eta-biok-servicios-limpieza-de-edificios-empresas.png\" class=\"attachment-full size-full\" alt=\"zu-eta-biok-servicios-limpieza-de-edificios-empresas\" loading=\"lazy\" srcset=\"https:\/\/zuetabiok.com\/wp-content\/uploads\/2017\/03\/zu-eta-biok-servicios-limpieza-de-edificios-empresas.png 200w, https:\/\/zuetabiok.com\/wp-content\/uploads\/2017\/03\/zu-eta-biok-servicios-limpieza-de-edificios-empresas-150x150.png 150w\" sizes=\"(max-width: 200px) 100vw, 200px\" \/><\/div><div class=\"w-iconbox-meta\"><h5 class=\"w-iconbox-title\">EMPRESAS<\/h5><\/div><\/div><\/div><\/div><\/div><div class=\"vc_col-sm-2 wpb_column vc_column_container animate_afc\"><div class=\"vc_column-inner\"><div class=\"wpb_wrapper\"><div class=\"w-iconbox iconpos_top style_default color_primary align_center no_text icontype_img\"><div class=\"w-iconbox-icon\" style=\"font-size:100px;\"><img width=\"200\" height=\"200\" src=\"https:\/\/zuetabiok.com\/wp-content\/uploads\/2017\/03\/zu-eta-biok-servicios-limpieza-de-edificios-casas-de-cultura.png\" class=\"attachment-full size-full\" alt=\"zu-eta-biok-servicios-limpieza-de-edificios-casas-de-cultura\" loading=\"lazy\" srcset=\"https:\/\/zuetabiok.com\/wp-content\/uploads\/2017\/03\/zu-eta-biok-servicios-limpieza-de-edificios-casas-de-cultura.png 200w, https:\/\/zuetabiok.com\/wp-content\/uploads\/2017\/03\/zu-eta-biok-servicios-limpieza-de-edificios-casas-de-cultura-150x150.png 150w\" sizes=\"(max-width: 200px) 100vw, 200px\" \/><\/div><div class=\"w-iconbox-meta\"><h5 class=\"w-iconbox-title\">CASAS DE CULTURA<\/h5><\/div><\/div><\/div><\/div><\/div><\/div><\/div><\/section><section class=\"l-section wpb_row height_small\"><div class=\"l-section-h i-cf\"><div class=\"g-cols vc_row type_default valign_top\"><div class=\"vc_col-sm-12 wpb_column vc_column_container\"><div class=\"vc_column-inner\"><div class=\"wpb_wrapper\"><div class=\"wpb_text_column\" ><div class=\"wpb_wrapper\"><h6 class=\"cardtext\" style=\"text-align: justify; line-height: 15.0pt; vertical-align: baseline; margin: 15.0pt 0cm 15.0pt 0cm;\"><span style=\"font-size: 14.0pt; color: #7d7d7d;\">Realizamos <strong>limpiezas generales y mantenimientos<\/strong> de manera estable y continuada ajust\u00e1ndonos a los horarios y necesidades de cada uno de nuestros clientes. Varios <strong>ayuntamientos<\/strong>, mancomunidades, organizaciones de diferente \u00edndole y <strong>empresas privadas<\/strong> conf\u00edan en nosotros para el <strong>mantenimiento de sus edificios<\/strong>.<\/span><\/h6>\n<h6 class=\"cardtext\" style=\"text-align: justify; line-height: 15.0pt; vertical-align: baseline; margin: 15.0pt 0cm 15.0pt 0cm;\"><span style=\"font-size: 14.0pt; color: #7d7d7d;\">Contamos a su vez con un equipo para limpiezas generales en <strong>ocasiones puntuales<\/strong> derivadas de una situaci\u00f3n particular, habitualmente relacionadas con un <strong>evento<\/strong> o una <strong>nueva construcci\u00f3n<\/strong> (limpieza de obra nueva, reformas de locales, inauguraciones, grandes eventos deportivos y culturales), <strong>puesta a punto de pisos<\/strong> para su posterior venta, etc.<\/span><\/h6>\n<\/div><\/div><\/div><\/div><\/div><\/div><\/div><\/section><section class=\"l-section wpb_row height_medium with_overlay\"><div class=\"l-section-overlay\" style=\"background: #b2b4b2\"><\/div><div class=\"l-section-h i-cf\"><div class=\"g-cols vc_row type_default valign_middle\"><div class=\"vc_col-sm-8 wpb_column vc_column_container animate_afl\"><div class=\"vc_column-inner\"><div class=\"wpb_wrapper\"><div class=\"wpb_text_column\" ><div class=\"wpb_wrapper\"><h3><strong>P\u00eddenos presupuesto sin ning\u00fan compromiso y conoce la calidad de nuestros servicios.<\/strong><\/h3>\n<\/div><\/div><\/div><\/div><\/div><div class=\"vc_col-sm-4 wpb_column vc_column_container animate_afr\" style=\"animation-delay:0.4s\"><div class=\"vc_column-inner\"><div class=\"wpb_wrapper\"><div class=\"w-btn-wrapper width_auto align_center\"><a class=\"w-btn us-btn-style_5\" href=\"http:\/\/zuetabiok.com\/es\/presupuesto\/\"><span class=\"w-btn-label\">Vamos al formulario!<\/span><\/a><\/div><\/div><\/div><\/div><\/div><\/div><\/section>\n","protected":false},"excerpt":{"rendered":"LIMPIEZA DE EDIFICIOS En Zu eta BIOK trabajamos d\u00eda a d\u00eda en la limpieza interior de todo tipo de edificios, tanto empresas privadas como administraciones p\u00fablicas. Servicio de limpieza y desinfecci\u00f3n de COVID-19 en todo tipo de establecimientos y locales (hosteler\u00eda, comercio, oficinas, edificios p\u00fablicos\u2026) Utilizamos productos de desinfecci\u00f3n validados y homologados por el MINISTERIO...","protected":false},"author":2,"featured_media":0,"parent":0,"menu_order":0,"comment_status":"closed","ping_status":"closed","template":"","meta":[],"yoast_head":"<!-- This site is optimized with the Yoast SEO plugin v16.2 - https:\/\/yoast.com\/wordpress\/plugins\/seo\/ -->\n<title>LIMPIEZA EDIFICIOS | ZU eta BIOK<\/title>\n<meta name=\"description\" content=\"Limpieza interior de todo tipo de edificios, tanto empresas privadas como administraciones p\u00fablicas. Limpiezas generales y mantenimientos.\" \/>\n<meta name=\"robots\" content=\"index, follow, max-snippet:-1, max-image-preview:large, max-video-preview:-1\" \/>\n<link rel=\"canonical\" href=\"http:\/\/zuetabiok.com\/es\/servicios-limpieza-edificios\/\" \/>\n<meta property=\"og:locale\" content=\"es_ES\" \/>\n<meta property=\"og:type\" content=\"article\" \/>\n<meta property=\"og:title\" content=\"LIMPIEZA EDIFICIOS | ZU eta BIOK\" \/>\n<meta property=\"og:description\" content=\"Limpieza interior de todo tipo de edificios, tanto empresas privadas como administraciones p\u00fablicas. Limpiezas generales y mantenimientos.\" \/>\n<meta property=\"og:url\" content=\"http:\/\/zuetabiok.com\/es\/servicios-limpieza-edificios\/\" \/>\n<meta property=\"og:site_name\" content=\"ZU eta BIOK\" \/>\n<meta property=\"article:modified_time\" content=\"2020-10-01T12:21:18+00:00\" \/>\n<meta name=\"twitter:card\" content=\"summary\" \/>\n<meta name=\"twitter:label1\" content=\"Tiempo de lectura\">\n\t<meta name=\"twitter:data1\" content=\"4 minutos\">\n<script type=\"application\/ld+json\" class=\"yoast-schema-graph\">{\"@context\":\"https:\/\/schema.org\",\"@graph\":[{\"@type\":\"Organization\",\"@id\":\"http:\/\/zuetabiok.com\/#organization\",\"name\":\"ZU eta BIOK\",\"url\":\"http:\/\/zuetabiok.com\/\",\"sameAs\":[],\"logo\":{\"@type\":\"ImageObject\",\"@id\":\"http:\/\/zuetabiok.com\/#logo\",\"inLanguage\":\"es\",\"url\":\"https:\/\/zuetabiok.com\/wp-content\/uploads\/2017\/03\/logotipo-zu-eta-biok-web.png\",\"contentUrl\":\"https:\/\/zuetabiok.com\/wp-content\/uploads\/2017\/03\/logotipo-zu-eta-biok-web.png\",\"width\":120,\"height\":96,\"caption\":\"ZU eta BIOK\"},\"image\":{\"@id\":\"http:\/\/zuetabiok.com\/#logo\"}},{\"@type\":\"WebSite\",\"@id\":\"http:\/\/zuetabiok.com\/#website\",\"url\":\"http:\/\/zuetabiok.com\/\",\"name\":\"ZU eta BIOK\",\"description\":\"ZU eta BIOK Cooperativa. M\\u00e1s 20 a\\u00f1os ofreciendo servicios para la tercera edad.\",\"publisher\":{\"@id\":\"http:\/\/zuetabiok.com\/#organization\"},\"potentialAction\":[{\"@type\":\"SearchAction\",\"target\":\"http:\/\/zuetabiok.com\/?s={search_term_string}\",\"query-input\":\"required name=search_term_string\"}],\"inLanguage\":\"es\"},{\"@type\":\"WebPage\",\"@id\":\"http:\/\/zuetabiok.com\/es\/servicios-limpieza-edificios\/#webpage\",\"url\":\"http:\/\/zuetabiok.com\/es\/servicios-limpieza-edificios\/\",\"name\":\"LIMPIEZA EDIFICIOS | ZU eta BIOK\",\"isPartOf\":{\"@id\":\"http:\/\/zuetabiok.com\/#website\"},\"datePublished\":\"2017-03-27T11:50:07+00:00\",\"dateModified\":\"2020-10-01T12:21:18+00:00\",\"description\":\"Limpieza interior de todo tipo de edificios, tanto empresas privadas como administraciones p\\u00fablicas. Limpiezas generales y mantenimientos.\",\"breadcrumb\":{\"@id\":\"http:\/\/zuetabiok.com\/es\/servicios-limpieza-edificios\/#breadcrumb\"},\"inLanguage\":\"es\",\"potentialAction\":[{\"@type\":\"ReadAction\",\"target\":[\"http:\/\/zuetabiok.com\/es\/servicios-limpieza-edificios\/\"]}]},{\"@type\":\"BreadcrumbList\",\"@id\":\"http:\/\/zuetabiok.com\/es\/servicios-limpieza-edificios\/#breadcrumb\",\"itemListElement\":[{\"@type\":\"ListItem\",\"position\":1,\"item\":{\"@type\":\"WebPage\",\"@id\":\"http:\/\/zuetabiok.com\/es\/\",\"url\":\"http:\/\/zuetabiok.com\/es\/\",\"name\":\"Home\"}},{\"@type\":\"ListItem\",\"position\":2,\"item\":{\"@id\":\"http:\/\/zuetabiok.com\/es\/servicios-limpieza-edificios\/#webpage\"}}]}]}<\/script>\n<!-- \/ Yoast SEO plugin. -->","_links":{"self":[{"href":"https:\/\/zuetabiok.com\/es\/wp-json\/wp\/v2\/pages\/15"}],"collection":[{"href":"https:\/\/zuetabiok.com\/es\/wp-json\/wp\/v2\/pages"}],"about":[{"href":"https:\/\/zuetabiok.com\/es\/wp-json\/wp\/v2\/types\/page"}],"author":[{"embeddable":true,"href":"https:\/\/zuetabiok.com\/es\/wp-json\/wp\/v2\/users\/2"}],"replies":[{"embeddable":true,"href":"https:\/\/zuetabiok.com\/es\/wp-json\/wp\/v2\/comments?post=15"}],"version-history":[{"count":60,"href":"https:\/\/zuetabiok.com\/es\/wp-json\/wp\/v2\/pages\/15\/revisions"}],"predecessor-version":[{"id":854,"href":"https:\/\/zuetabiok.com\/es\/wp-json\/wp\/v2\/pages\/15\/revisions\/854"}],"wp:attachment":[{"href":"https:\/\/zuetabiok.com\/es\/wp-json\/wp\/v2\/media?parent=15"}],"curies":[{"name":"wp","href":"https:\/\/api.w.org\/{rel}","templated":true}]}}