{"id":17,"date":"2017-03-27T11:50:39","date_gmt":"2017-03-27T11:50:39","guid":{"rendered":"http:\/\/zuetabiok.com\/?page_id=17"},"modified":"2020-10-01T10:17:44","modified_gmt":"2020-10-01T10:17:44","slug":"servicios-ayuda-a-domicilio","status":"publish","type":"page","link":"https:\/\/zuetabiok.com\/es\/servicios-ayuda-a-domicilio\/","title":{"rendered":"AYUDA A DOMICILIO"},"content":{"rendered":"<section class=\"l-section wpb_row height_auto\"><div class=\"l-section-h i-cf\"><div class=\"g-cols vc_row type_default valign_top\"><div class=\"vc_col-sm-12 wpb_column vc_column_container\"><div class=\"vc_column-inner\"><div class=\"wpb_wrapper\"><div class=\"wpb_text_column us_custom_7ddfdf8a has_text_color\" ><div class=\"wpb_wrapper\"><h4>AYUDA A DOMICILIO<\/h4>\n<\/div><\/div><\/div><\/div><\/div><\/div><\/div><\/section><!-- Row Backgrounds --><div class=\"upb_color\" data-bg-override=\"0\" data-bg-color=\"#f2f2f2\" data-fadeout=\"\" data-fadeout-percentage=\"30\" data-parallax-content=\"\" data-parallax-content-sense=\"30\" data-row-effect-mobile-disable=\"true\" data-img-parallax-mobile-disable=\"true\" data-rtl=\"false\"  data-custom-vc-row=\"\"  data-vc=\"6.6.0\"  data-is_old_vc=\"\"  data-theme-support=\"\"   data-overlay=\"false\" data-overlay-color=\"\" data-overlay-pattern=\"\" data-overlay-pattern-opacity=\"\" data-overlay-pattern-size=\"\"    ><\/div><section class=\"l-section wpb_row us_custom_f41d9135 height_custom width_full with_img parallax_ver\"><div class=\"l-section-img\" style=\"background-image: url(https:\/\/zuetabiok.com\/wp-content\/uploads\/2017\/03\/zu-eta-biok-servicios-ayuda-domicilio-1300x867.jpg);background-repeat: no-repeat;background-size: auto;\" data-img-width=\"1300\" data-img-height=\"867\"><\/div><div class=\"l-section-h i-cf\"><div class=\"g-cols vc_row type_default valign_bottom\"><div class=\"vc_col-sm-12 wpb_column vc_column_container\"><div class=\"vc_column-inner\"><div class=\"wpb_wrapper\"><\/div><\/div><\/div><\/div><\/div><\/section><section class=\"l-section wpb_row height_small\"><div class=\"l-section-h i-cf\"><div class=\"g-cols vc_row type_default valign_top\"><div class=\"vc_col-sm-12 wpb_column vc_column_container\"><div class=\"vc_column-inner\"><div class=\"wpb_wrapper\"><div class=\"wpb_text_column\" ><div class=\"wpb_wrapper\"><h6 class=\"cardtext\" style=\"text-align: justify; line-height: 15.0pt; vertical-align: baseline; margin: 15.0pt 0cm 15.0pt 0cm;\"><span style=\"font-size: 14.0pt; color: #7d7d7d;\">Somos un <strong>equipo humano<\/strong> que trabaja para la <strong>atenci\u00f3n a las personas mayores<\/strong>.<\/span><\/h6>\n<h6>Ante el incremento del envejecimiento de la poblaci\u00f3n y la necesidad de un mayor n\u00famero de <strong>servicios de atenci\u00f3n especializada a personas mayores<\/strong>, cada d\u00eda, trabajamos para <strong>dignificar la vida<\/strong> de nuestros mayores y hacer del envejecimiento <strong>un proceso digno<\/strong> e \u00edntegro.<\/h6>\n<\/div><\/div><\/div><\/div><\/div><\/div><\/div><\/section><section class=\"l-section wpb_row height_auto with_overlay\"><div class=\"l-section-overlay\" style=\"background: #81d742\"><\/div><div class=\"l-section-h i-cf\"><div class=\"g-cols vc_row type_default valign_middle\"><div class=\"vc_col-sm-4\/5 wpb_column vc_column_container\"><div class=\"vc_column-inner\"><div class=\"wpb_wrapper\"><div class=\"wpb_text_column\" ><div class=\"wpb_wrapper\"><h6 class=\"cardtext\" style=\"text-align: justify; line-height: 15.0pt; vertical-align: baseline; margin: 15.0pt 0cm 15.0pt 0cm;\">En este sentido ofrecemos un servicio de <strong>ayuda domiciliaria<\/strong> que <strong>asista<\/strong> a dichas personas <strong>en su d\u00eda a d\u00eda<\/strong> a trav\u00e9s de apoyo en la <strong>higiene y aseo personal<\/strong>, el reparto de <strong>medicaci\u00f3n<\/strong>, la elaboraci\u00f3n de men\u00fas y <strong>atenci\u00f3n alimentaria<\/strong> de los beneficiarios o el servicio asistencial de cualquier gesti\u00f3n diaria, paseo, o simple <strong>compa\u00f1\u00eda y atenci\u00f3n<\/strong>.<\/h6>\n<\/div><\/div><\/div><\/div><\/div><div class=\"vc_col-sm-1\/5 wpb_column vc_column_container animate_afc\"><div class=\"vc_column-inner\"><div class=\"wpb_wrapper\"><div class=\"w-grid type_carousel layout_555 valign_center overflow_hidden no_gap\" id=\"us_grid_1\"><style>.layout_555 .w-grid-item-h{}<\/style><div class=\"w-grid-list owl-carousel navstyle_circle navpos_outside\" >\t<article class=\"w-grid-item post-635 attachment type-attachment status-inherit hentry\" data-id=\"635\">\r\n\t\t<div class=\"w-grid-item-h\">\r\n\t\t\t\t\t\t<div class=\"w-post-elm post_image usg_post_image_1\"><img width=\"120\" height=\"160\" src=\"https:\/\/zuetabiok.com\/wp-content\/uploads\/2017\/03\/zu-eta-biok-servicios-ayuda-domicilio-icono-aseo-higiene-1.png\" class=\"attachment-medium size-medium\" alt=\"\" loading=\"lazy\" \/><\/div>\t\t<\/div>\r\n\t<\/article>\r\n\t<article class=\"w-grid-item post-633 attachment type-attachment status-inherit hentry\" data-id=\"633\">\r\n\t\t<div class=\"w-grid-item-h\">\r\n\t\t\t\t\t\t<div class=\"w-post-elm post_image usg_post_image_1\"><img width=\"120\" height=\"160\" src=\"https:\/\/zuetabiok.com\/wp-content\/uploads\/2017\/03\/zu-eta-biok-servicios-ayuda-domicilio-icono-reparto-medicacion-2.png\" class=\"attachment-medium size-medium\" alt=\"\" loading=\"lazy\" \/><\/div>\t\t<\/div>\r\n\t<\/article>\r\n\t<article class=\"w-grid-item post-637 attachment type-attachment status-inherit hentry\" data-id=\"637\">\r\n\t\t<div class=\"w-grid-item-h\">\r\n\t\t\t\t\t\t<div class=\"w-post-elm post_image usg_post_image_1\"><img width=\"120\" height=\"160\" src=\"https:\/\/zuetabiok.com\/wp-content\/uploads\/2017\/03\/zu-eta-biok-servicios-ayuda-domicilio-icono-atencion-alimentaria.png\" class=\"attachment-medium size-medium\" alt=\"\" loading=\"lazy\" \/><\/div>\t\t<\/div>\r\n\t<\/article>\r\n\t<article class=\"w-grid-item post-636 attachment type-attachment status-inherit hentry\" data-id=\"636\">\r\n\t\t<div class=\"w-grid-item-h\">\r\n\t\t\t\t\t\t<div class=\"w-post-elm post_image usg_post_image_1\"><img width=\"120\" height=\"160\" src=\"https:\/\/zuetabiok.com\/wp-content\/uploads\/2017\/03\/zu-eta-biok-servicios-ayuda-domicilio-icono-gestion-diaria.png\" class=\"attachment-medium size-medium\" alt=\"\" loading=\"lazy\" \/><\/div>\t\t<\/div>\r\n\t<\/article>\r\n\t<article class=\"w-grid-item post-632 attachment type-attachment status-inherit hentry\" data-id=\"632\">\r\n\t\t<div class=\"w-grid-item-h\">\r\n\t\t\t\t\t\t<div class=\"w-post-elm post_image usg_post_image_1\"><img width=\"120\" height=\"160\" src=\"https:\/\/zuetabiok.com\/wp-content\/uploads\/2017\/03\/zu-eta-biok-servicios-ayuda-domicilio-icono-paseos-2.png\" class=\"attachment-medium size-medium\" alt=\"\" loading=\"lazy\" \/><\/div>\t\t<\/div>\r\n\t<\/article>\r\n\t<article class=\"w-grid-item post-634 attachment type-attachment status-inherit hentry\" data-id=\"634\">\r\n\t\t<div class=\"w-grid-item-h\">\r\n\t\t\t\t\t\t<div class=\"w-post-elm post_image usg_post_image_1\"><img width=\"120\" height=\"160\" src=\"https:\/\/zuetabiok.com\/wp-content\/uploads\/2017\/03\/zu-eta-biok-servicios-ayuda-domicilio-icono-compania-atencion.png\" class=\"attachment-medium size-medium\" alt=\"\" loading=\"lazy\" \/><\/div>\t\t<\/div>\r\n\t<\/article>\r\n<\/div><div class=\"g-preloader type_1\">\r\n\t<div><\/div>\r\n<\/div>\r\n\t<div class=\"w-grid-json hidden\" onclick='return {&quot;action&quot;:&quot;us_ajax_grid&quot;,&quot;ajax_url&quot;:&quot;https:\\\/\\\/zuetabiok.com\\\/wp-admin\\\/admin-ajax.php&quot;,&quot;infinite_scroll&quot;:0,&quot;max_num_pages&quot;:1,&quot;pagination&quot;:&quot;none&quot;,&quot;permalink_url&quot;:&quot;https:\\\/\\\/zuetabiok.com\\\/es\\\/wp-json\\\/wp\\\/v2\\\/pages\\\/17\\\/&quot;,&quot;template_vars&quot;:{&quot;columns&quot;:&quot;1&quot;,&quot;exclude_items&quot;:&quot;none&quot;,&quot;img_size&quot;:&quot;medium&quot;,&quot;ignore_items_size&quot;:false,&quot;items_layout&quot;:&quot;555&quot;,&quot;items_offset&quot;:&quot;1&quot;,&quot;load_animation&quot;:&quot;none&quot;,&quot;overriding_link&quot;:&quot;none&quot;,&quot;post_id&quot;:17,&quot;query_args&quot;:{&quot;post_type&quot;:[&quot;attachment&quot;],&quot;post__in&quot;:[&quot;319&quot;,&quot;313&quot;,&quot;321&quot;,&quot;320&quot;,&quot;312&quot;,&quot;317&quot;],&quot;post_status&quot;:&quot;inherit&quot;,&quot;post_mime_type&quot;:&quot;image&quot;,&quot;posts_per_page&quot;:999},&quot;orderby_query_args&quot;:{&quot;orderby&quot;:{&quot;post__in&quot;:&quot;ASC&quot;},&quot;order&quot;:&quot;ASC&quot;},&quot;type&quot;:&quot;carousel&quot;,&quot;us_grid_ajax_index&quot;:1,&quot;us_grid_filter_params&quot;:null,&quot;us_grid_index&quot;:1,&quot;_us_grid_post_type&quot;:&quot;attachment&quot;,&quot;lang&quot;:&quot;es&quot;},&quot;carousel_settings&quot;:{&quot;autoHeight&quot;:0,&quot;autoplay&quot;:1,&quot;carousel_fade&quot;:0,&quot;center&quot;:0,&quot;dots&quot;:0,&quot;items&quot;:&quot;1&quot;,&quot;loop&quot;:true,&quot;nav&quot;:0,&quot;slideby&quot;:&quot;1&quot;,&quot;smooth_play&quot;:0,&quot;speed&quot;:250,&quot;timeout&quot;:3000,&quot;transition&quot;:&quot;&quot;},&quot;carousel_breakpoints&quot;:{&quot;1200&quot;:{&quot;items&quot;:1},&quot;900&quot;:{&quot;autoHeight&quot;:0,&quot;autoplay&quot;:1,&quot;autoplayHoverPause&quot;:1,&quot;items&quot;:&quot;1&quot;,&quot;loop&quot;:true},&quot;600&quot;:{&quot;autoHeight&quot;:0,&quot;autoplay&quot;:1,&quot;autoplayHoverPause&quot;:1,&quot;items&quot;:&quot;1&quot;,&quot;loop&quot;:true},&quot;0&quot;:{&quot;autoHeight&quot;:0,&quot;autoplay&quot;:1,&quot;autoplayHoverPause&quot;:1,&quot;items&quot;:1,&quot;loop&quot;:true}}}'><\/div>\r\n\t<\/div><\/div><\/div><\/div><\/div><\/div><\/section><section class=\"l-section wpb_row height_medium with_overlay\"><div class=\"l-section-overlay\" style=\"background: #b2b4b2\"><\/div><div class=\"l-section-h i-cf\"><div class=\"g-cols vc_row type_default valign_middle\"><div class=\"vc_col-sm-8 wpb_column vc_column_container animate_afl\"><div class=\"vc_column-inner\"><div class=\"wpb_wrapper\"><div class=\"wpb_text_column\" ><div class=\"wpb_wrapper\"><h3><strong>Cons\u00faltanos tus necesidades para hacerte un presupuesto sin compromiso<\/strong><\/h3>\n<\/div><\/div><\/div><\/div><\/div><div class=\"vc_col-sm-4 wpb_column vc_column_container animate_afr\" style=\"animation-delay:0.4s\"><div class=\"vc_column-inner\"><div class=\"wpb_wrapper\"><div class=\"w-btn-wrapper width_auto align_center\"><a class=\"w-btn us-btn-style_5\" href=\"http:\/\/zuetabiok.com\/es\/presupuesto\/\"><span class=\"w-btn-label\">Realizar consulta<\/span><\/a><\/div><\/div><\/div><\/div><\/div><\/div><\/section>\n","protected":false},"excerpt":{"rendered":"","protected":false},"author":2,"featured_media":0,"parent":0,"menu_order":0,"comment_status":"closed","ping_status":"closed","template":"","meta":[],"yoast_head":"<!-- This site is optimized with the Yoast SEO plugin v16.2 - https:\/\/yoast.com\/wordpress\/plugins\/seo\/ -->\n<title>AYUDA A DOMICILIO | ZU eta BIOK<\/title>\n<meta name=\"description\" content=\"Atenci\u00f3n humana a las personas mayores con nuestro servicio de ayuda domiciliaria: higiene y aseo personal, el reparto de medicaci\u00f3n, la elaboraci\u00f3n de men\u00fas y atenci\u00f3n alimentaria, etc.\" \/>\n<meta name=\"robots\" content=\"index, follow, max-snippet:-1, max-image-preview:large, max-video-preview:-1\" \/>\n<link rel=\"canonical\" href=\"http:\/\/zuetabiok.com\/es\/servicios-ayuda-a-domicilio\/\" \/>\n<meta property=\"og:locale\" content=\"es_ES\" \/>\n<meta property=\"og:type\" content=\"article\" \/>\n<meta property=\"og:title\" content=\"AYUDA A DOMICILIO | ZU eta BIOK\" \/>\n<meta property=\"og:description\" content=\"Atenci\u00f3n humana a las personas mayores con nuestro servicio de ayuda domiciliaria: higiene y aseo personal, el reparto de medicaci\u00f3n, la elaboraci\u00f3n de men\u00fas y atenci\u00f3n alimentaria, etc.\" \/>\n<meta property=\"og:url\" content=\"http:\/\/zuetabiok.com\/es\/servicios-ayuda-a-domicilio\/\" \/>\n<meta property=\"og:site_name\" content=\"ZU eta BIOK\" \/>\n<meta property=\"article:modified_time\" content=\"2020-10-01T10:17:44+00:00\" \/>\n<meta name=\"twitter:card\" content=\"summary\" \/>\n<meta name=\"twitter:label1\" content=\"Tiempo de lectura\">\n\t<meta name=\"twitter:data1\" content=\"2 minutos\">\n<script type=\"application\/ld+json\" class=\"yoast-schema-graph\">{\"@context\":\"https:\/\/schema.org\",\"@graph\":[{\"@type\":\"Organization\",\"@id\":\"http:\/\/zuetabiok.com\/#organization\",\"name\":\"ZU eta BIOK\",\"url\":\"http:\/\/zuetabiok.com\/\",\"sameAs\":[],\"logo\":{\"@type\":\"ImageObject\",\"@id\":\"http:\/\/zuetabiok.com\/#logo\",\"inLanguage\":\"es\",\"url\":\"https:\/\/zuetabiok.com\/wp-content\/uploads\/2017\/03\/logotipo-zu-eta-biok-web.png\",\"contentUrl\":\"https:\/\/zuetabiok.com\/wp-content\/uploads\/2017\/03\/logotipo-zu-eta-biok-web.png\",\"width\":120,\"height\":96,\"caption\":\"ZU eta BIOK\"},\"image\":{\"@id\":\"http:\/\/zuetabiok.com\/#logo\"}},{\"@type\":\"WebSite\",\"@id\":\"http:\/\/zuetabiok.com\/#website\",\"url\":\"http:\/\/zuetabiok.com\/\",\"name\":\"ZU eta BIOK\",\"description\":\"ZU eta BIOK Cooperativa. M\\u00e1s 20 a\\u00f1os ofreciendo servicios para la tercera edad.\",\"publisher\":{\"@id\":\"http:\/\/zuetabiok.com\/#organization\"},\"potentialAction\":[{\"@type\":\"SearchAction\",\"target\":\"http:\/\/zuetabiok.com\/?s={search_term_string}\",\"query-input\":\"required name=search_term_string\"}],\"inLanguage\":\"es\"},{\"@type\":\"WebPage\",\"@id\":\"http:\/\/zuetabiok.com\/es\/servicios-ayuda-a-domicilio\/#webpage\",\"url\":\"http:\/\/zuetabiok.com\/es\/servicios-ayuda-a-domicilio\/\",\"name\":\"AYUDA A DOMICILIO | ZU eta BIOK\",\"isPartOf\":{\"@id\":\"http:\/\/zuetabiok.com\/#website\"},\"datePublished\":\"2017-03-27T11:50:39+00:00\",\"dateModified\":\"2020-10-01T10:17:44+00:00\",\"description\":\"Atenci\\u00f3n humana a las personas mayores con nuestro servicio de ayuda domiciliaria: higiene y aseo personal, el reparto de medicaci\\u00f3n, la elaboraci\\u00f3n de men\\u00fas y atenci\\u00f3n alimentaria, etc.\",\"breadcrumb\":{\"@id\":\"http:\/\/zuetabiok.com\/es\/servicios-ayuda-a-domicilio\/#breadcrumb\"},\"inLanguage\":\"es\",\"potentialAction\":[{\"@type\":\"ReadAction\",\"target\":[\"http:\/\/zuetabiok.com\/es\/servicios-ayuda-a-domicilio\/\"]}]},{\"@type\":\"BreadcrumbList\",\"@id\":\"http:\/\/zuetabiok.com\/es\/servicios-ayuda-a-domicilio\/#breadcrumb\",\"itemListElement\":[{\"@type\":\"ListItem\",\"position\":1,\"item\":{\"@type\":\"WebPage\",\"@id\":\"http:\/\/zuetabiok.com\/es\/\",\"url\":\"http:\/\/zuetabiok.com\/es\/\",\"name\":\"Home\"}},{\"@type\":\"ListItem\",\"position\":2,\"item\":{\"@id\":\"http:\/\/zuetabiok.com\/es\/servicios-ayuda-a-domicilio\/#webpage\"}}]}]}<\/script>\n<!-- \/ Yoast SEO plugin. -->","_links":{"self":[{"href":"https:\/\/zuetabiok.com\/es\/wp-json\/wp\/v2\/pages\/17"}],"collection":[{"href":"https:\/\/zuetabiok.com\/es\/wp-json\/wp\/v2\/pages"}],"about":[{"href":"https:\/\/zuetabiok.com\/es\/wp-json\/wp\/v2\/types\/page"}],"author":[{"embeddable":true,"href":"https:\/\/zuetabiok.com\/es\/wp-json\/wp\/v2\/users\/2"}],"replies":[{"embeddable":true,"href":"https:\/\/zuetabiok.com\/es\/wp-json\/wp\/v2\/comments?post=17"}],"version-history":[{"count":40,"href":"https:\/\/zuetabiok.com\/es\/wp-json\/wp\/v2\/pages\/17\/revisions"}],"predecessor-version":[{"id":819,"href":"https:\/\/zuetabiok.com\/es\/wp-json\/wp\/v2\/pages\/17\/revisions\/819"}],"wp:attachment":[{"href":"https:\/\/zuetabiok.com\/es\/wp-json\/wp\/v2\/media?parent=17"}],"curies":[{"name":"wp","href":"https:\/\/api.w.org\/{rel}","templated":true}]}}