{"id":19,"date":"2017-03-27T11:51:20","date_gmt":"2017-03-27T11:51:20","guid":{"rendered":"http:\/\/zuetabiok.com\/?page_id=19"},"modified":"2020-10-01T11:07:38","modified_gmt":"2020-10-01T11:07:38","slug":"servicio-sociosanitario-y-asistencial","status":"publish","type":"page","link":"https:\/\/zuetabiok.com\/es\/servicio-sociosanitario-y-asistencial\/","title":{"rendered":"SOCIOSANITARIO Y ASISTENCIAL"},"content":{"rendered":"<section class=\"l-section wpb_row height_auto\"><div class=\"l-section-h i-cf\"><div class=\"g-cols vc_row type_default valign_top\"><div class=\"vc_col-sm-12 wpb_column vc_column_container\"><div class=\"vc_column-inner\"><div class=\"wpb_wrapper\"><div class=\"wpb_text_column us_custom_7ddfdf8a has_text_color\" ><div class=\"wpb_wrapper\"><h4>SOCIOSANITARIO Y ASISTENCIAL<\/h4>\n<\/div><\/div><\/div><\/div><\/div><\/div><\/div><\/section><!-- Row Backgrounds --><div class=\"upb_color\" data-bg-override=\"0\" data-bg-color=\"#f2f2f2\" data-fadeout=\"\" data-fadeout-percentage=\"30\" data-parallax-content=\"\" data-parallax-content-sense=\"30\" data-row-effect-mobile-disable=\"true\" data-img-parallax-mobile-disable=\"true\" data-rtl=\"false\"  data-custom-vc-row=\"\"  data-vc=\"6.6.0\"  data-is_old_vc=\"\"  data-theme-support=\"\"   data-overlay=\"false\" data-overlay-color=\"\" data-overlay-pattern=\"\" data-overlay-pattern-opacity=\"\" data-overlay-pattern-size=\"\"    ><\/div><section class=\"l-section wpb_row us_custom_b0c73777 height_custom width_full with_img parallax_ver\"><div class=\"l-section-img\" style=\"background-image: url(https:\/\/zuetabiok.com\/wp-content\/uploads\/2017\/03\/zu-eta-biok-sociosanitario-asistencial-1300x867.jpg);background-repeat: no-repeat;background-size: auto;\" data-img-width=\"1300\" data-img-height=\"867\"><\/div><div class=\"l-section-h i-cf\"><div class=\"g-cols vc_row type_default valign_bottom\"><div class=\"vc_col-sm-12 wpb_column vc_column_container\"><div class=\"vc_column-inner\"><div class=\"wpb_wrapper\"><\/div><\/div><\/div><\/div><\/div><\/section><section class=\"l-section wpb_row height_small\"><div class=\"l-section-h i-cf\"><div class=\"g-cols vc_row type_default valign_top\"><div class=\"vc_col-sm-12 wpb_column vc_column_container\"><div class=\"vc_column-inner\"><div class=\"wpb_wrapper\"><div class=\"wpb_text_column\" ><div class=\"wpb_wrapper\"><h6>A trav\u00e9s de diferentes licitaciones <strong>gestionamos residencias<\/strong> de titularidad p\u00fablica mediante una <strong>gesti\u00f3n integral<\/strong> de las mismas.<\/h6>\n<\/div><\/div><\/div><\/div><\/div><\/div><\/div><\/section><section class=\"l-section wpb_row height_small with_overlay\"><div class=\"l-section-overlay\" style=\"background: #b2b4b2\"><\/div><div class=\"l-section-h i-cf\"><div class=\"g-cols vc_row type_default valign_top\"><div class=\"vc_col-sm-12 wpb_column vc_column_container\"><div class=\"vc_column-inner\"><div class=\"wpb_wrapper\"><div class=\"wpb_text_column\" ><div class=\"wpb_wrapper\"><h4><em>&#8220;Desarrollamos la gesti\u00f3n integral aplicando principios basados en la participaci\u00f3n, calidez, cercan\u00eda y respeto por los mayores en nuestro trabajo diario, para que puedan sentirse en su casa.&#8221;<\/em><\/h4>\n<\/div><\/div><div class=\"wpb_text_column\" ><div class=\"wpb_wrapper\"><p><strong>Consejo Rector ZU eta BIOK<\/strong><\/p>\n<\/div><\/div><\/div><\/div><\/div><\/div><\/div><\/section><section class=\"l-section wpb_row height_small\"><div class=\"l-section-h i-cf\"><div class=\"g-cols vc_row type_default valign_top\"><div class=\"vc_col-sm-12 wpb_column vc_column_container\"><div class=\"vc_column-inner\"><div class=\"wpb_wrapper\"><div class=\"wpb_text_column\" ><div class=\"wpb_wrapper\"><h6 class=\"cardtext\" style=\"text-align: justify; line-height: 15.0pt; vertical-align: baseline; margin: 15.0pt 0cm 15.0pt 0cm;\"><span style=\"font-size: 14.0pt; color: #7d7d7d;\">Trabajamos con <strong>servicios sociosanitarios<\/strong> de atenci\u00f3n personalizada y con <strong>personal cualificado<\/strong> para ello durante 24 horas. La <strong>gesti\u00f3n integral<\/strong> se desarrolla en aspectos como aseo, higiene personal, alimentaci\u00f3n, reparto de medicaci\u00f3n, acompa\u00f1amiento y desplazamientos a cl\u00ednica, puestas a ba\u00f1o y <strong>todo tipo de tareas sanitarias<\/strong>, sin olvidarnos de la <strong>estimulaci\u00f3n psicol\u00f3gica<\/strong> que se lleva a cabo mediante talleres de animaci\u00f3n, psicomotricidad, juegos, bailes y otro tipo de <strong>actividades de animaci\u00f3n y tiempo libre<\/strong>.<\/span><\/h6>\n<h6 class=\"cardtext\" style=\"text-align: justify; line-height: 15.0pt; vertical-align: baseline; margin: 15.0pt 0cm 15.0pt 0cm;\"><span style=\"font-size: 14.0pt; color: #7d7d7d;\">Contamos con un <strong>amplio equipo de servicio asistencial<\/strong>\u00a0que hacen que dicha gesti\u00f3n integral sea posible. Tales como; servicio de <strong>lavander\u00eda, recepci\u00f3n, limpieza, coordinaci\u00f3n, peluquer\u00eda y costurera<\/strong> entre otros.<\/span><\/h6>\n<\/div><\/div><\/div><\/div><\/div><\/div><\/div><\/section><section class=\"l-section wpb_row height_medium with_overlay\"><div class=\"l-section-overlay\" style=\"background: #b2b4b2\"><\/div><div class=\"l-section-h i-cf\"><div class=\"g-cols vc_row type_default valign_middle\"><div class=\"vc_col-sm-8 wpb_column vc_column_container animate_afl\"><div class=\"vc_column-inner\"><div class=\"wpb_wrapper\"><div class=\"wpb_text_column\" ><div class=\"wpb_wrapper\"><h3><strong>Si deseas m\u00e1s informaci\u00f3n sobre este servicio, contacta con nosotr@s.<\/strong><\/h3>\n<\/div><\/div><\/div><\/div><\/div><div class=\"vc_col-sm-4 wpb_column vc_column_container animate_afr\" style=\"animation-delay:0.4s\"><div class=\"vc_column-inner\"><div class=\"wpb_wrapper\"><div class=\"w-btn-wrapper width_auto align_center\"><a class=\"w-btn us-btn-style_5\" href=\"http:\/\/zuetabiok.com\/es\/contacto\/\"><span class=\"w-btn-label\">Contactar<\/span><\/a><\/div><\/div><\/div><\/div><\/div><\/div><\/section>\n","protected":false},"excerpt":{"rendered":"SOCIOSANITARIO Y ASISTENCIAL A trav\u00e9s de diferentes licitaciones gestionamos residencias de titularidad p\u00fablica mediante una gesti\u00f3n integral de las mismas. &#8220;Desarrollamos la gesti\u00f3n integral aplicando principios basados en la participaci\u00f3n, calidez, cercan\u00eda y respeto por los mayores en nuestro trabajo diario, para que puedan sentirse en su casa.&#8221; Consejo Rector ZU eta BIOK Trabajamos con...","protected":false},"author":2,"featured_media":0,"parent":0,"menu_order":0,"comment_status":"closed","ping_status":"closed","template":"","meta":[],"yoast_head":"<!-- This site is optimized with the Yoast SEO plugin v16.2 - https:\/\/yoast.com\/wordpress\/plugins\/seo\/ -->\n<title>SOCIOSANITARIO Y ASISTENCIAL | ZU eta BIOK<\/title>\n<meta name=\"description\" content=\"A trav\u00e9s de diferentes licitaciones gestionamos residencias de titularidad p\u00fablica mediante una gesti\u00f3n integral de las mismas. Trabajamos con servicios sociosanitarios de atenci\u00f3n personalizada y con personal cualificado para ello durante 24 horas\" \/>\n<meta name=\"robots\" content=\"index, follow, max-snippet:-1, max-image-preview:large, max-video-preview:-1\" \/>\n<link rel=\"canonical\" href=\"http:\/\/zuetabiok.com\/es\/servicio-sociosanitario-y-asistencial\/\" \/>\n<meta property=\"og:locale\" content=\"es_ES\" \/>\n<meta property=\"og:type\" content=\"article\" \/>\n<meta property=\"og:title\" content=\"SOCIOSANITARIO Y ASISTENCIAL | ZU eta BIOK\" \/>\n<meta property=\"og:description\" content=\"A trav\u00e9s de diferentes licitaciones gestionamos residencias de titularidad p\u00fablica mediante una gesti\u00f3n integral de las mismas. Trabajamos con servicios sociosanitarios de atenci\u00f3n personalizada y con personal cualificado para ello durante 24 horas\" \/>\n<meta property=\"og:url\" content=\"http:\/\/zuetabiok.com\/es\/servicio-sociosanitario-y-asistencial\/\" \/>\n<meta property=\"og:site_name\" content=\"ZU eta BIOK\" \/>\n<meta property=\"article:modified_time\" content=\"2020-10-01T11:07:38+00:00\" \/>\n<meta name=\"twitter:card\" content=\"summary\" \/>\n<meta name=\"twitter:label1\" content=\"Tiempo de lectura\">\n\t<meta name=\"twitter:data1\" content=\"2 minutos\">\n<script type=\"application\/ld+json\" class=\"yoast-schema-graph\">{\"@context\":\"https:\/\/schema.org\",\"@graph\":[{\"@type\":\"Organization\",\"@id\":\"http:\/\/zuetabiok.com\/#organization\",\"name\":\"ZU eta BIOK\",\"url\":\"http:\/\/zuetabiok.com\/\",\"sameAs\":[],\"logo\":{\"@type\":\"ImageObject\",\"@id\":\"http:\/\/zuetabiok.com\/#logo\",\"inLanguage\":\"es\",\"url\":\"https:\/\/zuetabiok.com\/wp-content\/uploads\/2017\/03\/logotipo-zu-eta-biok-web.png\",\"contentUrl\":\"https:\/\/zuetabiok.com\/wp-content\/uploads\/2017\/03\/logotipo-zu-eta-biok-web.png\",\"width\":120,\"height\":96,\"caption\":\"ZU eta BIOK\"},\"image\":{\"@id\":\"http:\/\/zuetabiok.com\/#logo\"}},{\"@type\":\"WebSite\",\"@id\":\"http:\/\/zuetabiok.com\/#website\",\"url\":\"http:\/\/zuetabiok.com\/\",\"name\":\"ZU eta BIOK\",\"description\":\"ZU eta BIOK Cooperativa. M\\u00e1s 20 a\\u00f1os ofreciendo servicios para la tercera edad.\",\"publisher\":{\"@id\":\"http:\/\/zuetabiok.com\/#organization\"},\"potentialAction\":[{\"@type\":\"SearchAction\",\"target\":\"http:\/\/zuetabiok.com\/?s={search_term_string}\",\"query-input\":\"required name=search_term_string\"}],\"inLanguage\":\"es\"},{\"@type\":\"WebPage\",\"@id\":\"http:\/\/zuetabiok.com\/es\/servicio-sociosanitario-y-asistencial\/#webpage\",\"url\":\"http:\/\/zuetabiok.com\/es\/servicio-sociosanitario-y-asistencial\/\",\"name\":\"SOCIOSANITARIO Y ASISTENCIAL | ZU eta BIOK\",\"isPartOf\":{\"@id\":\"http:\/\/zuetabiok.com\/#website\"},\"datePublished\":\"2017-03-27T11:51:20+00:00\",\"dateModified\":\"2020-10-01T11:07:38+00:00\",\"description\":\"A trav\\u00e9s de diferentes licitaciones gestionamos residencias de titularidad p\\u00fablica mediante una gesti\\u00f3n integral de las mismas. Trabajamos con servicios sociosanitarios de atenci\\u00f3n personalizada y con personal cualificado para ello durante 24 horas\",\"breadcrumb\":{\"@id\":\"http:\/\/zuetabiok.com\/es\/servicio-sociosanitario-y-asistencial\/#breadcrumb\"},\"inLanguage\":\"es\",\"potentialAction\":[{\"@type\":\"ReadAction\",\"target\":[\"http:\/\/zuetabiok.com\/es\/servicio-sociosanitario-y-asistencial\/\"]}]},{\"@type\":\"BreadcrumbList\",\"@id\":\"http:\/\/zuetabiok.com\/es\/servicio-sociosanitario-y-asistencial\/#breadcrumb\",\"itemListElement\":[{\"@type\":\"ListItem\",\"position\":1,\"item\":{\"@type\":\"WebPage\",\"@id\":\"http:\/\/zuetabiok.com\/es\/\",\"url\":\"http:\/\/zuetabiok.com\/es\/\",\"name\":\"Home\"}},{\"@type\":\"ListItem\",\"position\":2,\"item\":{\"@id\":\"http:\/\/zuetabiok.com\/es\/servicio-sociosanitario-y-asistencial\/#webpage\"}}]}]}<\/script>\n<!-- \/ Yoast SEO plugin. -->","_links":{"self":[{"href":"https:\/\/zuetabiok.com\/es\/wp-json\/wp\/v2\/pages\/19"}],"collection":[{"href":"https:\/\/zuetabiok.com\/es\/wp-json\/wp\/v2\/pages"}],"about":[{"href":"https:\/\/zuetabiok.com\/es\/wp-json\/wp\/v2\/types\/page"}],"author":[{"embeddable":true,"href":"https:\/\/zuetabiok.com\/es\/wp-json\/wp\/v2\/users\/2"}],"replies":[{"embeddable":true,"href":"https:\/\/zuetabiok.com\/es\/wp-json\/wp\/v2\/comments?post=19"}],"version-history":[{"count":22,"href":"https:\/\/zuetabiok.com\/es\/wp-json\/wp\/v2\/pages\/19\/revisions"}],"predecessor-version":[{"id":847,"href":"https:\/\/zuetabiok.com\/es\/wp-json\/wp\/v2\/pages\/19\/revisions\/847"}],"wp:attachment":[{"href":"https:\/\/zuetabiok.com\/es\/wp-json\/wp\/v2\/media?parent=19"}],"curies":[{"name":"wp","href":"https:\/\/api.w.org\/{rel}","templated":true}]}}