{"id":29,"date":"2017-03-27T11:52:39","date_gmt":"2017-03-27T11:52:39","guid":{"rendered":"http:\/\/zuetabiok.com\/?page_id=29"},"modified":"2021-04-29T19:26:56","modified_gmt":"2021-04-29T19:26:56","slug":"contacto","status":"publish","type":"page","link":"https:\/\/zuetabiok.com\/es\/contacto\/","title":{"rendered":"CONTACTO"},"content":{"rendered":"<section class=\"l-section wpb_row height_auto\"><div class=\"l-section-h i-cf\"><div class=\"g-cols vc_row type_default valign_top\"><div class=\"vc_col-sm-12 wpb_column vc_column_container\"><div class=\"vc_column-inner\"><div class=\"wpb_wrapper\"><div class=\"wpb_text_column us_custom_7ddfdf8a has_text_color\" ><div class=\"wpb_wrapper\"><h4>CONTACTO<\/h4>\n<\/div><\/div><\/div><\/div><\/div><\/div><\/div><\/section><!-- Row Backgrounds --><div class=\"upb_color\" data-bg-override=\"0\" data-bg-color=\"#f2f2f2\" data-fadeout=\"\" data-fadeout-percentage=\"30\" data-parallax-content=\"\" data-parallax-content-sense=\"30\" data-row-effect-mobile-disable=\"true\" data-img-parallax-mobile-disable=\"true\" data-rtl=\"false\"  data-custom-vc-row=\"\"  data-vc=\"6.6.0\"  data-is_old_vc=\"\"  data-theme-support=\"\"   data-overlay=\"false\" data-overlay-color=\"\" data-overlay-pattern=\"\" data-overlay-pattern-opacity=\"\" data-overlay-pattern-size=\"\"    ><\/div><section class=\"l-section wpb_row us_custom_236c79ca height_custom width_full with_img parallax_ver\"><div class=\"l-section-img\" style=\"background-image: url(https:\/\/zuetabiok.com\/wp-content\/uploads\/2017\/03\/zu-eta-biok-contacto-1300x867.jpg);background-repeat: no-repeat;background-size: auto;\" data-img-width=\"1300\" data-img-height=\"867\"><\/div><div class=\"l-section-h i-cf\"><div class=\"g-cols vc_row type_default valign_bottom\"><div class=\"vc_col-sm-12 wpb_column vc_column_container\"><div class=\"vc_column-inner\"><div class=\"wpb_wrapper\"><\/div><\/div><\/div><\/div><\/div><\/section><section class=\"l-section wpb_row height_small\"><div class=\"l-section-h i-cf\"><div class=\"g-cols vc_row type_default valign_top\"><div class=\"vc_col-sm-4 wpb_column vc_column_container\"><div class=\"vc_column-inner\"><div class=\"wpb_wrapper\"><div class=\"wpb_text_column\" ><div class=\"wpb_wrapper\"><h4><strong>Direcci\u00f3n:<\/strong><\/h4>\n<h6>Zu eta Biok S.Coop.<br \/>\nC\/ San Francisco 43 A bajo<br \/>\n20400 Tolosa<br \/>\nGipuzKoa<\/h6>\n<h4><strong>Contacto:<\/strong><\/h4>\n<h6>Telf: 943 653689<br \/>\nEmail: <a href=\"mailto:administracion@zuetabiok.com\">administracion@zuetabiok.com<\/a><\/h6>\n<\/div><\/div><\/div><\/div><\/div><div class=\"vc_col-sm-8 wpb_column vc_column_container\"><div class=\"vc_column-inner\"><div class=\"wpb_wrapper\"><div class=\"wpb_text_column\" ><div class=\"wpb_wrapper\"><h4><strong>Formulario de contacto:<\/strong><\/h4>\n<h6><\/h6>\n<\/div><\/div><form class=\"w-form  layout_ver for_cform us_form_1\" autocomplete=\"off\" action=\"https:\/\/zuetabiok.com\/es\/wp-json\/wp\/v2\/pages\/29\" method=\"post\"><div class=\"w-form-h\"><div class=\"w-form-row for_text has_label move_label required with_icon\">\r\n\t\t\t<div class=\"w-form-row-label\">\r\n\t\t\t<span>Nombre *<\/span>\r\n\t\t<\/div>\r\n\t\t<div class=\"w-form-row-field\">\r\n\t\t\t\t<i class=\"material-icons\">person<\/i>\t\t<input aria-label=\"Nombre\" type=\"text\" name=\"us_form_1_text_1\" value placeholder data-required=\"true\" aria-required=\"true\"\/>\r\n\t\t\t<\/div>\r\n\t\t<div class=\"w-form-row-state\">Rellena este campo<\/div>\r\n<\/div>\r\n<div class=\"w-form-row for_text has_label move_label required with_icon\">\r\n\t\t\t<div class=\"w-form-row-label\">\r\n\t\t\t<span>Correo electr\u00f3nico *<\/span>\r\n\t\t<\/div>\r\n\t\t<div class=\"w-form-row-field\">\r\n\t\t\t\t<i class=\"material-icons\">email<\/i>\t\t<input aria-label=\"Correo electr\u00f3nico\" type=\"text\" name=\"us_form_1_text_2\" value placeholder data-required=\"true\" aria-required=\"true\"\/>\r\n\t\t\t<\/div>\r\n\t\t<div class=\"w-form-row-state\">Rellena este campo<\/div>\r\n<\/div>\r\n<div class=\"w-form-row for_text has_label move_label with_icon\">\r\n\t\t\t<div class=\"w-form-row-label\">\r\n\t\t\t<span>N\u00famero de tel\u00e9fono<\/span>\r\n\t\t<\/div>\r\n\t\t<div class=\"w-form-row-field\">\r\n\t\t\t\t<i class=\"material-icons\">phone<\/i>\t\t<input aria-label=\"N\u00famero de tel\u00e9fono\" type=\"text\" name=\"us_form_1_text_3\" value placeholder\/>\r\n\t\t\t<\/div>\r\n\t\t<div class=\"w-form-row-state\">Rellena este campo<\/div>\r\n<\/div>\r\n<div class=\"w-form-row for_textarea has_label move_label required with_icon\">\r\n\t\t\t<div class=\"w-form-row-label\">\r\n\t\t\t<span>Mensaje *<\/span>\r\n\t\t<\/div>\r\n\t\t<div class=\"w-form-row-field\">\r\n\t\t\t\t<i class=\"material-icons\">create<\/i>\t\t<textarea aria-label=\"Mensaje\" name=\"us_form_1_textarea_1\" placeholder data-required=\"true\" aria-required=\"true\"><\/textarea>\r\n\t\t\t<\/div>\r\n\t\t<div class=\"w-form-row-state\">Rellena este campo<\/div>\r\n<\/div>\r\n<div class=\"w-form-row for_agreement required\">\r\n\t\t<div class=\"w-form-row-field\">\r\n\t\t\t\t<label>\r\n\t\t\t<input type=\"checkbox\" class=\"screen-reader-text\" value=\"1\" data-required=\"true\" aria-required=\"true\" name=\"us_form_1_agreement_1\"\/>\r\n\t\t\t<span class=\"w-form-checkbox\"><\/span>\r\n\t\t\t<span>He le\u00eddo y acepto la\u00a0Pol\u00edtica de Privacidad<\/span>\r\n\t\t<\/label>\r\n\t\t\t<\/div>\r\n\t\t<div class=\"w-form-row-state\">Necesita estar de acuerdo con los t\u00e9rminos para continuar<\/div>\r\n<\/div><input type=\"hidden\" name=\"action\" value=\"us_ajax_cform\" \/><input type=\"hidden\" name=\"post_id\" value \/><input type=\"hidden\" name=\"form_index\" value=\"1\" \/><div class=\"w-form-row for_submit align_default\">\r\n\t<div class=\"w-form-row-field\">\r\n\t\t\t\t<button class=\"w-btn  us-btn-style_6\" style=\"font-size:20px;\" aria-label=\"ENVIAR\" type=\"submit\">\r\n\t\t\t<span class=\"g-preloader type_1\"><\/span>\r\n\t\t\t\t\t\t<span class=\"w-btn-label\">ENVIAR<\/span>\r\n\t\t\t\t\t<\/button>\r\n\t<\/div>\r\n<\/div><\/div><div class=\"w-form-message\"><\/div><div class=\"w-form-json hidden\" onclick='return {&quot;ajaxurl&quot;:&quot;https:\\\/\\\/zuetabiok.com\\\/wp-admin\\\/admin-ajax.php&quot;}'><\/div><\/form><div class=\"wpb_text_column us_custom_83770fdd\" ><div class=\"wpb_wrapper\"><p>INFORMACI\u00d3N B\u00c1SICA SOBRE PROTECCI\u00d3N DE DATOS<br \/>\nResponsable: ZU ETA BIOK KOOPERATIBA ELKARTEA<br \/>\nFinalidad: Responder a tu solicitud de informaci\u00f3n.<br \/>\nLegitimaci\u00f3n: Consentimiento del interesado.<br \/>\nDestinatarios: No se ceder\u00e1n datos a terceros salvo obligaci\u00f3n legal o que la cesi\u00f3n sea necesaria para el cumplimiento de la finalidad.<br \/>\nDerechos: Tienes derecho a acceder, rectificar y suprimir los datos, as\u00ed como otros derechos, como se explica en la informaci\u00f3n adicional.<br \/>\nInformaci\u00f3n adicional: Puedes consultar la informaci\u00f3n adicional y detallada sobre Protecci\u00f3n de Datos en la <a href=\"https:\/\/zuetabiok.com\/politica-privacidad\/\" target=\"_blank\" rel=\"noopener\">Pol\u00edtica de Privacidad<\/a><\/p>\n<\/div><\/div><\/div><\/div><\/div><\/div><\/div><\/section><section class=\"l-section wpb_row height_auto with_overlay\"><div class=\"l-section-overlay\" style=\"background: #81d742\"><\/div><div class=\"l-section-h i-cf\"><div class=\"g-cols vc_row type_default valign_top\"><div class=\"vc_col-sm-12 wpb_column vc_column_container\"><div class=\"vc_column-inner\"><div class=\"wpb_wrapper\"><div class=\"wpb_text_column us_custom_c4e4d4e8\" ><div class=\"wpb_wrapper\"><h4><strong>Mapa:<\/strong><\/h4>\n<h6><\/h6>\n<\/div><\/div><\/div><\/div><\/div><\/div><\/div><\/section><section class=\"l-section wpb_row height_auto width_full\"><div class=\"l-section-h i-cf\"><div class=\"g-cols vc_row type_default valign_top\"><div class=\"vc_col-sm-12 wpb_column vc_column_container\"><div class=\"vc_column-inner\"><div class=\"wpb_wrapper\"><div class=\"w-map provider_google us_map_1\" id=\"us_map_1\"><div class=\"w-map-json\" onclick='return {&quot;address&quot;:&quot;43.133827,-2.0781088&quot;,&quot;markers&quot;:[{&quot;address&quot;:&quot;43.133827,-2.0781088&quot;,&quot;html&quot;:&quot;&quot;,&quot;infowindow&quot;:false}],&quot;zoom&quot;:16,&quot;maptype&quot;:&quot;ROADMAP&quot;,&quot;height&quot;:400}'><\/div><\/div><\/div><\/div><\/div><\/div><\/div><\/section>\n","protected":false},"excerpt":{"rendered":"CONTACTO Direcci\u00f3n: Zu eta Biok S.Coop. C\/ San Francisco 43 A bajo 20400 Tolosa GipuzKoa Contacto: Telf: 943 653689 Email: administracion@zuetabiok.com Formulario de contacto: Nombre * person Rellena este campo Correo electr\u00f3nico * email Rellena este campo N\u00famero de tel\u00e9fono phone Rellena este campo Mensaje * create Rellena este campo He le\u00eddo y acepto la\u00a0Pol\u00edtica...","protected":false},"author":2,"featured_media":0,"parent":0,"menu_order":0,"comment_status":"closed","ping_status":"closed","template":"","meta":[],"yoast_head":"<!-- This site is optimized with the Yoast SEO plugin v16.2 - https:\/\/yoast.com\/wordpress\/plugins\/seo\/ -->\n<title>CONTACTO | ZU eta BIOK<\/title>\n<meta name=\"description\" content=\"Rellena el formulario de contacto.\" \/>\n<meta name=\"robots\" content=\"index, follow, max-snippet:-1, max-image-preview:large, max-video-preview:-1\" \/>\n<link rel=\"canonical\" href=\"https:\/\/zuetabiok.com\/es\/contacto\/\" \/>\n<meta property=\"og:locale\" content=\"es_ES\" \/>\n<meta property=\"og:type\" content=\"article\" \/>\n<meta property=\"og:title\" content=\"CONTACTO | ZU eta BIOK\" \/>\n<meta property=\"og:description\" content=\"Rellena el formulario de contacto.\" \/>\n<meta property=\"og:url\" content=\"https:\/\/zuetabiok.com\/es\/contacto\/\" \/>\n<meta property=\"og:site_name\" content=\"ZU eta BIOK\" \/>\n<meta property=\"article:modified_time\" content=\"2021-04-29T19:26:56+00:00\" \/>\n<meta name=\"twitter:card\" content=\"summary\" \/>\n<meta name=\"twitter:label1\" content=\"Tiempo de lectura\">\n\t<meta name=\"twitter:data1\" content=\"1 minuto\">\n<script type=\"application\/ld+json\" class=\"yoast-schema-graph\">{\"@context\":\"https:\/\/schema.org\",\"@graph\":[{\"@type\":\"Organization\",\"@id\":\"http:\/\/zuetabiok.com\/#organization\",\"name\":\"ZU eta BIOK\",\"url\":\"http:\/\/zuetabiok.com\/\",\"sameAs\":[],\"logo\":{\"@type\":\"ImageObject\",\"@id\":\"http:\/\/zuetabiok.com\/#logo\",\"inLanguage\":\"es\",\"url\":\"https:\/\/zuetabiok.com\/wp-content\/uploads\/2017\/03\/logotipo-zu-eta-biok-web.png\",\"contentUrl\":\"https:\/\/zuetabiok.com\/wp-content\/uploads\/2017\/03\/logotipo-zu-eta-biok-web.png\",\"width\":120,\"height\":96,\"caption\":\"ZU eta BIOK\"},\"image\":{\"@id\":\"http:\/\/zuetabiok.com\/#logo\"}},{\"@type\":\"WebSite\",\"@id\":\"http:\/\/zuetabiok.com\/#website\",\"url\":\"http:\/\/zuetabiok.com\/\",\"name\":\"ZU eta BIOK\",\"description\":\"ZU eta BIOK Cooperativa. M\\u00e1s 20 a\\u00f1os ofreciendo servicios para la tercera edad.\",\"publisher\":{\"@id\":\"http:\/\/zuetabiok.com\/#organization\"},\"potentialAction\":[{\"@type\":\"SearchAction\",\"target\":\"http:\/\/zuetabiok.com\/?s={search_term_string}\",\"query-input\":\"required name=search_term_string\"}],\"inLanguage\":\"es\"},{\"@type\":\"WebPage\",\"@id\":\"https:\/\/zuetabiok.com\/es\/contacto\/#webpage\",\"url\":\"https:\/\/zuetabiok.com\/es\/contacto\/\",\"name\":\"CONTACTO | ZU eta BIOK\",\"isPartOf\":{\"@id\":\"http:\/\/zuetabiok.com\/#website\"},\"datePublished\":\"2017-03-27T11:52:39+00:00\",\"dateModified\":\"2021-04-29T19:26:56+00:00\",\"description\":\"Rellena el formulario de contacto.\",\"breadcrumb\":{\"@id\":\"https:\/\/zuetabiok.com\/es\/contacto\/#breadcrumb\"},\"inLanguage\":\"es\",\"potentialAction\":[{\"@type\":\"ReadAction\",\"target\":[\"https:\/\/zuetabiok.com\/es\/contacto\/\"]}]},{\"@type\":\"BreadcrumbList\",\"@id\":\"https:\/\/zuetabiok.com\/es\/contacto\/#breadcrumb\",\"itemListElement\":[{\"@type\":\"ListItem\",\"position\":1,\"item\":{\"@type\":\"WebPage\",\"@id\":\"http:\/\/zuetabiok.com\/es\/\",\"url\":\"http:\/\/zuetabiok.com\/es\/\",\"name\":\"Home\"}},{\"@type\":\"ListItem\",\"position\":2,\"item\":{\"@id\":\"https:\/\/zuetabiok.com\/es\/contacto\/#webpage\"}}]}]}<\/script>\n<!-- \/ Yoast SEO plugin. -->","_links":{"self":[{"href":"https:\/\/zuetabiok.com\/es\/wp-json\/wp\/v2\/pages\/29"}],"collection":[{"href":"https:\/\/zuetabiok.com\/es\/wp-json\/wp\/v2\/pages"}],"about":[{"href":"https:\/\/zuetabiok.com\/es\/wp-json\/wp\/v2\/types\/page"}],"author":[{"embeddable":true,"href":"https:\/\/zuetabiok.com\/es\/wp-json\/wp\/v2\/users\/2"}],"replies":[{"embeddable":true,"href":"https:\/\/zuetabiok.com\/es\/wp-json\/wp\/v2\/comments?post=29"}],"version-history":[{"count":39,"href":"https:\/\/zuetabiok.com\/es\/wp-json\/wp\/v2\/pages\/29\/revisions"}],"predecessor-version":[{"id":880,"href":"https:\/\/zuetabiok.com\/es\/wp-json\/wp\/v2\/pages\/29\/revisions\/880"}],"wp:attachment":[{"href":"https:\/\/zuetabiok.com\/es\/wp-json\/wp\/v2\/media?parent=29"}],"curies":[{"name":"wp","href":"https:\/\/api.w.org\/{rel}","templated":true}]}}