{"id":862,"date":"2021-04-29T17:00:31","date_gmt":"2021-04-29T17:00:31","guid":{"rendered":"https:\/\/zuetabiok.com\/?page_id=862"},"modified":"2021-04-29T18:14:10","modified_gmt":"2021-04-29T18:14:10","slug":"politica-privacidad","status":"publish","type":"page","link":"https:\/\/zuetabiok.com\/es\/politica-privacidad\/","title":{"rendered":"POLITICA DE PRIVACIDAD"},"content":{"rendered":"<section class=\"l-section wpb_row height_custom\"><div class=\"l-section-h i-cf\"><div class=\"g-cols vc_row type_default valign_top\"><div class=\"vc_col-sm-12 wpb_column vc_column_container\"><div class=\"vc_column-inner\"><div class=\"wpb_wrapper\"><div class=\"wpb_text_column\" ><div class=\"wpb_wrapper\"><p><strong>POLITICA DE PROTECCION DE DATOS<\/strong><\/p>\n<p>De acuerdo con lo establecido por el Reglamento (UE) 2016 \/679 del Parlamento Europeo y del Consejo, le informamos que los datos personales aportados ser\u00e1n tratados como Responsable de Tratamiento por <strong>ZU ETA BIOK KOOPERATIBA ELKARTEA<\/strong> con CIF: <strong>F20526695<\/strong>; y domicilio <strong>PASEO SAN FRANCISCO 43 BAJO 20400 TOLOSA<\/strong>; Tel\u00e9fono: <strong>943 65 36 89 <\/strong>y correo electr\u00f3nico: administracion@zuetabiok.com<\/p>\n<p>&nbsp;<\/p>\n<p><strong>FINALIDAD<\/strong><\/p>\n<p>Los datos que nos ha proporcionado en el formulario de contacto, ser\u00e1n utilizados para contestar a la solicitud de la informaci\u00f3n planteada.<\/p>\n<p>Los datos se conservar\u00e1n durante el plazo exigido por la ley, salvo que usted comunique la negativa al uso de los datos personales, en cuyo caso, se proceder\u00e1 a su bloqueo inmediato.<\/p>\n<p>En el caso de que nos env\u00ede su curriculum vitae, los datos ser\u00e1n utilizados para Incluir y valorar su candidatura en procesos de selecci\u00f3n de personal, incorporar su CV a nuestra base de datos de recursos humanos para actuales y futuros procesos de selecci\u00f3n.<\/p>\n<p>El curriculum vitae se conservar\u00e1 durante 2 a\u00f1os o durante los a\u00f1os necesarios para cumplir con las obligaciones legales o salvo que usted comunique la negativa al uso de los datos personales, en cuyo caso, se proceder\u00e1 a su bloqueo inmediato.<\/p>\n<p>En caso de que contrate alguno de nuestros servicios, utilizaremos sus datos personales para la gesti\u00f3n y la facturaci\u00f3n de los mismos.<\/p>\n<p>Siempre podr\u00e1 ejercer los derechos de acceso, rectificaci\u00f3n, portabilidad, limitaci\u00f3n al tratamiento y supresi\u00f3n de los datos objeto de tratamiento.<\/p>\n<p><strong>LEGITIMACI\u00d3N<\/strong><\/p>\n<p>La base legal para el tratamiento de sus datos personales es el consentimiento del interesado al cumplimentar y aceptar el formulario de recogida de datos con el fin proporcionar la informaci\u00f3n solicitada.<\/p>\n<p><strong>DESTINATARIOS<\/strong><\/p>\n<p>Los datos no se ceder\u00e1n a terceros salvo en los casos en que exista una obligaci\u00f3n legal o sea necesario para el cumplimiento de la finalidad del tratamiento.<\/p>\n<p><strong>DERECHOS<\/strong><\/p>\n<p>Los derechos que le asisten como persona interesada y de acuerdo con el RGPD son los siguientes:<\/p>\n<ul>\n<li>Derecho a solicitar el acceso a los datos personales relativos a su persona<\/li>\n<li>Derecho a solicitar su rectificaci\u00f3n o supresi\u00f3n<\/li>\n<li>Derecho a solicitar la limitaci\u00f3n de su tratamiento<\/li>\n<li>Derecho a oponerse al tratamiento<\/li>\n<li>Derecho a la portabilidad de los datos<\/li>\n<\/ul>\n<p>Puede ejercer sus derechos de protecci\u00f3n de datos personales dirigiendo una comunicaci\u00f3n por escrito a <strong>ZU ETA BIOK KOOPERATIBA ELKARTEA, S.L.,<\/strong> <strong>PASEO SAN FRANCISCO 43 BAJO 20400 TOLOSA<\/strong>, o a la direcci\u00f3n de correo electr\u00f3nico administracion@zuetabiok.com, en la que manifieste el ejercicio de sus derechos anteriormente mencionados, adem\u00e1s de incluir copia de su D.N.I. u otro documento equivalente para certificar su identidad.<\/p>\n<p>Asimismo, y especialmente si considera que no ha obtenido satisfacci\u00f3n plena en el ejercicio de sus derechos, podr\u00e1 presentar una reclamaci\u00f3n ante la autoridad nacional de control dirigi\u00e9ndose a estos efectos a la Agencia Espa\u00f1ola de Protecci\u00f3n de Datos, C\/ Jorge Juan, 6 \u2013 28001 Madrid.<\/p>\n<p><strong>MEDIDAS DE SEGURIDAD<\/strong><\/p>\n<p><strong>ZU ETA BIOK KOOPERATIBA ELKARTEA<\/strong><strong>, S.L. <\/strong>garantiza que ha implementado todas las medidas de seguridad que son necesarias para garantizar la seguridad de los datos personales de acuerdo con el nivel de la tecnolog\u00eda del momento.<\/p>\n<p><strong>ACTUALIZACI\u00d3N DE LA POLITICA DE PRIVACIDAD<\/strong><\/p>\n<p><strong>ZU ETA BIOK KOOPERATIBA ELKARTEA<\/strong><strong>, S.L. <\/strong>se reserva el derecho de modificar su pol\u00edtica de privacidad o condiciones de uso por motivos de adaptaci\u00f3n a la legislaci\u00f3n vigente. Se recomienda al usuario de este sitio web la revisi\u00f3n peri\u00f3dica de esta p\u00e1gina, ya que el uso de este sitio web por parte del usuario se entender\u00e1 como aceptaci\u00f3n de la pol\u00edtica de privacidad. Aseguramos la absoluta confidencialidad y privacidad de los datos personales recogidos. Se han adoptado las medidas de seguridad con el fin de evitar la alteraci\u00f3n, p\u00e9rdida, tratamiento o acceso no autorizado. Sin embargo, <strong>ZU ETA BIOK KOOPERATIBA ELKARTEA<\/strong><strong>, S.L. <\/strong>no ser\u00e1 responsable de las incidencias que puedan surgir en torno a datos personales cuando estas se deriven, o bien de un ataque o acceso no autorizado a los sistemas de tal forma que resulte imposible detectarlo o impedirlo aun adopt\u00e1ndose las medidas seg\u00fan el estado de la tecnolog\u00eda actual.<\/p>\n<\/div><\/div><\/div><\/div><\/div><\/div><\/div><\/section>\n","protected":false},"excerpt":{"rendered":"POLITICA DE PROTECCION DE DATOS De acuerdo con lo establecido por el Reglamento (UE) 2016 \/679 del Parlamento Europeo y del Consejo, le informamos que los datos personales aportados ser\u00e1n tratados como Responsable de Tratamiento por ZU ETA BIOK KOOPERATIBA ELKARTEA con CIF: F20526695; y domicilio PASEO SAN FRANCISCO 43 BAJO 20400 TOLOSA; Tel\u00e9fono: 943...","protected":false},"author":2,"featured_media":0,"parent":0,"menu_order":0,"comment_status":"closed","ping_status":"closed","template":"","meta":[],"yoast_head":"<!-- This site is optimized with the Yoast SEO plugin v16.2 - https:\/\/yoast.com\/wordpress\/plugins\/seo\/ -->\n<title>POLITICA DE PRIVACIDAD | ZU eta BIOK<\/title>\n<meta name=\"description\" content=\"Pol\u00edtica privacidad\" \/>\n<meta name=\"robots\" content=\"noindex, nofollow\" \/>\n<meta property=\"og:locale\" content=\"es_ES\" \/>\n<meta property=\"og:type\" content=\"article\" \/>\n<meta property=\"og:title\" content=\"POLITICA DE PRIVACIDAD | ZU eta BIOK\" \/>\n<meta property=\"og:description\" content=\"Pol\u00edtica privacidad\" \/>\n<meta property=\"og:url\" content=\"https:\/\/zuetabiok.com\/es\/politica-privacidad\/\" \/>\n<meta property=\"og:site_name\" content=\"ZU eta BIOK\" \/>\n<meta property=\"article:modified_time\" content=\"2021-04-29T18:14:10+00:00\" \/>\n<meta name=\"twitter:card\" content=\"summary\" \/>\n<meta name=\"twitter:label1\" content=\"Tiempo de lectura\">\n\t<meta name=\"twitter:data1\" content=\"3 minutos\">\n<script type=\"application\/ld+json\" class=\"yoast-schema-graph\">{\"@context\":\"https:\/\/schema.org\",\"@graph\":[{\"@type\":\"Organization\",\"@id\":\"http:\/\/zuetabiok.com\/#organization\",\"name\":\"ZU eta BIOK\",\"url\":\"http:\/\/zuetabiok.com\/\",\"sameAs\":[],\"logo\":{\"@type\":\"ImageObject\",\"@id\":\"http:\/\/zuetabiok.com\/#logo\",\"inLanguage\":\"es\",\"url\":\"https:\/\/zuetabiok.com\/wp-content\/uploads\/2017\/03\/logotipo-zu-eta-biok-web.png\",\"contentUrl\":\"https:\/\/zuetabiok.com\/wp-content\/uploads\/2017\/03\/logotipo-zu-eta-biok-web.png\",\"width\":120,\"height\":96,\"caption\":\"ZU eta BIOK\"},\"image\":{\"@id\":\"http:\/\/zuetabiok.com\/#logo\"}},{\"@type\":\"WebSite\",\"@id\":\"http:\/\/zuetabiok.com\/#website\",\"url\":\"http:\/\/zuetabiok.com\/\",\"name\":\"ZU eta BIOK\",\"description\":\"ZU eta BIOK Cooperativa. M\\u00e1s 20 a\\u00f1os ofreciendo servicios para la tercera edad.\",\"publisher\":{\"@id\":\"http:\/\/zuetabiok.com\/#organization\"},\"potentialAction\":[{\"@type\":\"SearchAction\",\"target\":\"http:\/\/zuetabiok.com\/?s={search_term_string}\",\"query-input\":\"required name=search_term_string\"}],\"inLanguage\":\"es\"},{\"@type\":\"WebPage\",\"@id\":\"https:\/\/zuetabiok.com\/es\/politica-privacidad\/#webpage\",\"url\":\"https:\/\/zuetabiok.com\/es\/politica-privacidad\/\",\"name\":\"POLITICA DE PRIVACIDAD | ZU eta BIOK\",\"isPartOf\":{\"@id\":\"http:\/\/zuetabiok.com\/#website\"},\"datePublished\":\"2021-04-29T17:00:31+00:00\",\"dateModified\":\"2021-04-29T18:14:10+00:00\",\"description\":\"Pol\\u00edtica privacidad\",\"breadcrumb\":{\"@id\":\"https:\/\/zuetabiok.com\/es\/politica-privacidad\/#breadcrumb\"},\"inLanguage\":\"es\",\"potentialAction\":[{\"@type\":\"ReadAction\",\"target\":[\"https:\/\/zuetabiok.com\/es\/politica-privacidad\/\"]}]},{\"@type\":\"BreadcrumbList\",\"@id\":\"https:\/\/zuetabiok.com\/es\/politica-privacidad\/#breadcrumb\",\"itemListElement\":[{\"@type\":\"ListItem\",\"position\":1,\"item\":{\"@type\":\"WebPage\",\"@id\":\"http:\/\/zuetabiok.com\/es\/\",\"url\":\"http:\/\/zuetabiok.com\/es\/\",\"name\":\"Home\"}},{\"@type\":\"ListItem\",\"position\":2,\"item\":{\"@id\":\"https:\/\/zuetabiok.com\/es\/politica-privacidad\/#webpage\"}}]}]}<\/script>\n<!-- \/ Yoast SEO plugin. -->","_links":{"self":[{"href":"https:\/\/zuetabiok.com\/es\/wp-json\/wp\/v2\/pages\/862"}],"collection":[{"href":"https:\/\/zuetabiok.com\/es\/wp-json\/wp\/v2\/pages"}],"about":[{"href":"https:\/\/zuetabiok.com\/es\/wp-json\/wp\/v2\/types\/page"}],"author":[{"embeddable":true,"href":"https:\/\/zuetabiok.com\/es\/wp-json\/wp\/v2\/users\/2"}],"replies":[{"embeddable":true,"href":"https:\/\/zuetabiok.com\/es\/wp-json\/wp\/v2\/comments?post=862"}],"version-history":[{"count":2,"href":"https:\/\/zuetabiok.com\/es\/wp-json\/wp\/v2\/pages\/862\/revisions"}],"predecessor-version":[{"id":869,"href":"https:\/\/zuetabiok.com\/es\/wp-json\/wp\/v2\/pages\/862\/revisions\/869"}],"wp:attachment":[{"href":"https:\/\/zuetabiok.com\/es\/wp-json\/wp\/v2\/media?parent=862"}],"curies":[{"name":"wp","href":"https:\/\/api.w.org\/{rel}","templated":true}]}}